{"id":5145,"date":"2021-12-08T22:40:42","date_gmt":"2021-12-08T21:40:42","guid":{"rendered":"https:\/\/www.laggenbecker.de\/?post_type=product&#038;p=5145"},"modified":"2026-01-29T11:14:50","modified_gmt":"2026-01-29T10:14:50","slug":"gutschein-braukursus-in-der-brauerei","status":"publish","type":"product","link":"https:\/\/www.laggenbecker.de\/?product=gutschein-braukursus-in-der-brauerei","title":{"rendered":"4. Gutschein Braukurs in der Brauerei"},"content":{"rendered":"<p>Mit mir braut Ihr zusammen EUER Bier.In meiner Brauerei mit meiner Hilfe und entsprechenden Informationen.<\/p>\n<p>Das hei\u00dft: Ihr lernt die Grundlagen, wie Ihr mit einfachen Mitteln, die gr\u00f6\u00dftenteils zuhause sind, ein Bier kreieren k\u00f6nnt. Nat\u00fcrlich bekommt Ihr dabei eine Menge an Informationen \u00fcber Malz, Hopfen, Hefe und \u00fcber die \u00c4bl\u00e4ufe beim Brauen.<\/p>\n<p>Ihr braut in Gruppen zwischen 6-12 Personen Euer eigenes Bier (Mindestteilnehmerzahl ist 6 Personen, h\u00f6chstens 12). Bei dem Bierstil bin ich recht offen. Ich werde Terminvorschl\u00e4ge machen, wenn mindestens 6 Personen teilnehmen, findet er statt.<\/p>\n<p>Nat\u00fcrlich gibt es bei dem 6-8 st\u00fcndigem Kurs was zu Essen und genug Bier. Das fertig bebraute Bier von Euch k\u00f6nnt Ihr nach 2-8 Wochen (je nach Stil) abholen (pro Person 1L).<\/p>\n<p>Der \u00fcbrige Teil geht in meinen Ausschank. Nat\u00fcrlich k\u00f6nnt Ihr auch da mit Freunden EUER Bier trinken.<\/p>\n<p>Ein fr\u00f6hlicher\/informativer Tag, wo Ihr Gleichgesinnte kennenlernen k\u00f6nnt oder Eure Gruppen festigen k\u00f6nnt. F\u00fcr Einzelpersonen, Freunde, teambildende Events (auch Firmen).<\/p>\n<p>&nbsp;<\/p>\n<p>Ihr erwerbt einen Gutschein, der (nat\u00fcrlich) nur direkt vorort einl\u00f6sbar ist. Der Gutscheincode wird online verschickt. Bitte hinterla\u00dft eine entsprechende Kontaktm\u00f6glichkeit&#8230;<\/p>\n","protected":false},"excerpt":{"rendered":"<p>Braukurs beim Laggenbecker Brauer<a class=\"read-more \" href=\"https:\/\/www.laggenbecker.de\/?product=gutschein-braukursus-in-der-brauerei\" title=\"Read More\"> <span class=\"button default\">Read More<\/span><\/a><\/p>\n","protected":false},"featured_media":5346,"comment_status":"open","ping_status":"closed","template":"","meta":[],"product_brand":[],"product_cat":[17],"product_tag":[],"class_list":{"0":"post-5145","1":"product","2":"type-product","3":"status-publish","4":"has-post-thumbnail","6":"product_cat-unkategorisiert","8":"first","9":"instock","10":"virtual","11":"purchasable","12":"product-type-simple"},"jetpack_sharing_enabled":true,"_links":{"self":[{"href":"https:\/\/www.laggenbecker.de\/index.php?rest_route=\/wp\/v2\/product\/5145","targetHints":{"allow":["GET"]}}],"collection":[{"href":"https:\/\/www.laggenbecker.de\/index.php?rest_route=\/wp\/v2\/product"}],"about":[{"href":"https:\/\/www.laggenbecker.de\/index.php?rest_route=\/wp\/v2\/types\/product"}],"replies":[{"embeddable":true,"href":"https:\/\/www.laggenbecker.de\/index.php?rest_route=%2Fwp%2Fv2%2Fcomments&post=5145"}],"wp:featuredmedia":[{"embeddable":true,"href":"https:\/\/www.laggenbecker.de\/index.php?rest_route=\/wp\/v2\/media\/5346"}],"wp:attachment":[{"href":"https:\/\/www.laggenbecker.de\/index.php?rest_route=%2Fwp%2Fv2%2Fmedia&parent=5145"}],"wp:term":[{"taxonomy":"product_brand","embeddable":true,"href":"https:\/\/www.laggenbecker.de\/index.php?rest_route=%2Fwp%2Fv2%2Fproduct_brand&post=5145"},{"taxonomy":"product_cat","embeddable":true,"href":"https:\/\/www.laggenbecker.de\/index.php?rest_route=%2Fwp%2Fv2%2Fproduct_cat&post=5145"},{"taxonomy":"product_tag","embeddable":true,"href":"https:\/\/www.laggenbecker.de\/index.php?rest_route=%2Fwp%2Fv2%2Fproduct_tag&post=5145"}],"curies":[{"name":"wp","href":"https:\/\/api.w.org\/{rel}","templated":true}]}}