{"id":5901,"date":"2026-01-07T17:10:05","date_gmt":"2026-01-07T16:10:05","guid":{"rendered":"https:\/\/www.laggenbecker.de\/?post_type=product&#038;p=5901"},"modified":"2026-01-29T11:13:40","modified_gmt":"2026-01-29T10:13:40","slug":"white-gin","status":"publish","type":"product","link":"https:\/\/www.laggenbecker.de\/?product=white-gin","title":{"rendered":"2. White Gin"},"content":{"rendered":"<p>Der Laggenbecker White Gin vereint auf klassische Art Bioalkohol mit Wacholderbeeren und vielen weiteren Botanicals zu einem sehr kr\u00e4ftigen, aber ausgewogenem Aroma.<\/p>\n<p>Als London Dry Gin sind alle Botanicals in Alkohol eingelegt\/ mazeriert und anschlie\u00dfend in meiner Kupfer-Potstil-Destille destilliert worden. Wie bei London Dry Gin vorgeschrieben wurde danach lediglich mit Wasser auf 47 vol% Alkohol gebracht und auf jegliche Zus\u00e4tze, Aromen etc. verzichtet.<\/p>\n<p>Da ich den Gin nicht filtriert habe, um alle \u00e4therischen \u00d6le und Geschmacksstoffe zu erhalten, ist der Alkoholgehalt entsprechend h\u00f6her um eine Tr\u00fcbung zu verhindern.<\/p>\n<p>Zum puren Genu\u00df empfehle ich mit etwas Wasser zu verd\u00fcnnen, f\u00fcr Gin Tonic entsprechend die Gin-Menge zu reduzieren\u00a0 &#8230;.<\/p>\n<p>&nbsp;<\/p>\n<p>&nbsp;<\/p>\n","protected":false},"excerpt":{"rendered":"<p>Stil : London Dry Gin<br \/>\nAlkohol : 47 vol-%<\/p>\n<p>&nbsp;<a class=\"read-more \" href=\"https:\/\/www.laggenbecker.de\/?product=white-gin\" title=\"Read More\"> <span class=\"button default\">Read More<\/span><\/a><\/p>\n","protected":false},"featured_media":5904,"comment_status":"open","ping_status":"closed","template":"","meta":[],"product_brand":[],"product_cat":[70],"product_tag":[],"class_list":{"0":"post-5901","1":"product","2":"type-product","3":"status-publish","4":"has-post-thumbnail","6":"product_cat-spirituosen","7":"product_shipping_class-paket-spirituosen","9":"first","10":"instock","11":"taxable","12":"shipping-taxable","13":"purchasable","14":"product-type-variable","15":"has-default-attributes"},"jetpack_sharing_enabled":true,"_links":{"self":[{"href":"https:\/\/www.laggenbecker.de\/index.php?rest_route=\/wp\/v2\/product\/5901","targetHints":{"allow":["GET"]}}],"collection":[{"href":"https:\/\/www.laggenbecker.de\/index.php?rest_route=\/wp\/v2\/product"}],"about":[{"href":"https:\/\/www.laggenbecker.de\/index.php?rest_route=\/wp\/v2\/types\/product"}],"replies":[{"embeddable":true,"href":"https:\/\/www.laggenbecker.de\/index.php?rest_route=%2Fwp%2Fv2%2Fcomments&post=5901"}],"wp:featuredmedia":[{"embeddable":true,"href":"https:\/\/www.laggenbecker.de\/index.php?rest_route=\/wp\/v2\/media\/5904"}],"wp:attachment":[{"href":"https:\/\/www.laggenbecker.de\/index.php?rest_route=%2Fwp%2Fv2%2Fmedia&parent=5901"}],"wp:term":[{"taxonomy":"product_brand","embeddable":true,"href":"https:\/\/www.laggenbecker.de\/index.php?rest_route=%2Fwp%2Fv2%2Fproduct_brand&post=5901"},{"taxonomy":"product_cat","embeddable":true,"href":"https:\/\/www.laggenbecker.de\/index.php?rest_route=%2Fwp%2Fv2%2Fproduct_cat&post=5901"},{"taxonomy":"product_tag","embeddable":true,"href":"https:\/\/www.laggenbecker.de\/index.php?rest_route=%2Fwp%2Fv2%2Fproduct_tag&post=5901"}],"curies":[{"name":"wp","href":"https:\/\/api.w.org\/{rel}","templated":true}]}}