{"id":5906,"date":"2026-01-07T18:25:44","date_gmt":"2026-01-07T17:25:44","guid":{"rendered":"https:\/\/www.laggenbecker.de\/?post_type=product&#038;p=5906"},"modified":"2026-01-29T11:14:14","modified_gmt":"2026-01-29T10:14:14","slug":"black-gin","status":"publish","type":"product","link":"https:\/\/www.laggenbecker.de\/?product=black-gin","title":{"rendered":"3. Black Gin"},"content":{"rendered":"<p>Der Laggenbecker Black Gin vereint Bioalkohol und Wacholderbeeren mit kr\u00e4ftigen \u00e4therischen \u00d6len aus den Schalen von Orange und Limette. Rosmarin, Kriander, Gurke, Chili und viele weitere Botanicals runden den mediterranen Geschmack ab.<\/p>\n<p>Als London Dry Gin sind alle Botanicals in Alkohol eingelegt\/ mazeriert und anschlie\u00dfend in meiner Kupfer-Potstil-Destille destilliert worden. Wie bei London Dry Gin vorgeschrieben wurde danach lediglich mit Wasser auf 487 vol% Alkohol gebracht und auf jegliche Zus\u00e4tze, Aromen etc. verzichtet.<\/p>\n<p>Da ich den Gin nicht filtriert habe, um alle \u00e4therischen \u00d6le und Geschmacksstoffe zu erhalten, ist der Alkoholgehalt entsprechend h\u00f6her um eine Tr\u00fcbung zu verhindern. Zum puren Genu\u00df empfehle ich mit etwas Wasser zu verd\u00fcnnen, f\u00fcr Gin Tonic entsprechend die Gin-Menge zu reduzieren\u00a0 &#8230;.<\/p>\n<p>&nbsp;<\/p>\n","protected":false},"excerpt":{"rendered":"<p>Stil : London Dry Gin<br \/>\nAlkohol : 48 vol-%<\/p>\n<p>&nbsp;<a class=\"read-more \" href=\"https:\/\/www.laggenbecker.de\/?product=black-gin\" title=\"Read More\"> <span class=\"button default\">Read More<\/span><\/a><\/p>\n","protected":false},"featured_media":5909,"comment_status":"open","ping_status":"closed","template":"","meta":[],"product_brand":[],"product_cat":[70],"product_tag":[],"class_list":{"0":"post-5906","1":"product","2":"type-product","3":"status-publish","4":"has-post-thumbnail","6":"product_cat-spirituosen","7":"product_shipping_class-paket-spirituosen","9":"first","10":"instock","11":"taxable","12":"shipping-taxable","13":"purchasable","14":"product-type-variable","15":"has-default-attributes"},"jetpack_sharing_enabled":true,"_links":{"self":[{"href":"https:\/\/www.laggenbecker.de\/index.php?rest_route=\/wp\/v2\/product\/5906","targetHints":{"allow":["GET"]}}],"collection":[{"href":"https:\/\/www.laggenbecker.de\/index.php?rest_route=\/wp\/v2\/product"}],"about":[{"href":"https:\/\/www.laggenbecker.de\/index.php?rest_route=\/wp\/v2\/types\/product"}],"replies":[{"embeddable":true,"href":"https:\/\/www.laggenbecker.de\/index.php?rest_route=%2Fwp%2Fv2%2Fcomments&post=5906"}],"wp:featuredmedia":[{"embeddable":true,"href":"https:\/\/www.laggenbecker.de\/index.php?rest_route=\/wp\/v2\/media\/5909"}],"wp:attachment":[{"href":"https:\/\/www.laggenbecker.de\/index.php?rest_route=%2Fwp%2Fv2%2Fmedia&parent=5906"}],"wp:term":[{"taxonomy":"product_brand","embeddable":true,"href":"https:\/\/www.laggenbecker.de\/index.php?rest_route=%2Fwp%2Fv2%2Fproduct_brand&post=5906"},{"taxonomy":"product_cat","embeddable":true,"href":"https:\/\/www.laggenbecker.de\/index.php?rest_route=%2Fwp%2Fv2%2Fproduct_cat&post=5906"},{"taxonomy":"product_tag","embeddable":true,"href":"https:\/\/www.laggenbecker.de\/index.php?rest_route=%2Fwp%2Fv2%2Fproduct_tag&post=5906"}],"curies":[{"name":"wp","href":"https:\/\/api.w.org\/{rel}","templated":true}]}}